{"id":155,"date":"2024-05-12T13:40:26","date_gmt":"2024-05-12T13:40:26","guid":{"rendered":"https:\/\/centroshinquantumhealing.com\/?page_id=155"},"modified":"2024-06-08T16:44:00","modified_gmt":"2024-06-08T16:44:00","slug":"masterclass","status":"publish","type":"page","link":"https:\/\/centroshinquantumhealing.com\/index.php\/es\/masterclass\/","title":{"rendered":"Masterclass"},"content":{"rendered":"\n<div class=\"wp-block-file\"><a id=\"wp-block-file--media-2dcf4176-73b9-40a2-b856-f8bf7a90bb3f\" href=\"https:\/\/centroshinquantumhealing.com\/wp-content\/uploads\/2024\/05\/EBOOK-Transformando-tu-energia.pdf\">EBOOK: Transformando tu energia<\/a><\/div>\n\n\n\n<p>Te invitamos a la MASTERCLASS GRATUITA <strong>TRANSFORMANDO TU ENERGIA<\/strong><\/p>\n\n\n\n<p>\ud83d\uddd3\ufe0f <strong>Fechas:<\/strong> 15 y 16 de junio 2024<\/p>\n\n\n\n<p><strong>D\u00eda 1<\/strong><br>\ud83d\udcabBeneficios de la Sanaci\u00f3n en trance.<br><br>\ud83d\udcabSanaci\u00f3n del h\u00edgado en trance cabal\u00edstico, en el plano, f\u00edsico, mental y emocional.<\/p>\n\n\n\n<p><strong>D\u00eda 2<\/strong><br>\ud83d\udcabC\u00f3mo funciona el circuito energ\u00e9tico de su \u00e1rbol de la vida interna.<br><br>\ud83d\udcabC\u00f3mo funciona la energ\u00eda de tu cuerpo para date armon\u00eda, bienestar y equilibrio.<\/p>\n\n\n\n<p>\u23f0 <strong>Horario:<\/strong><br>11am Ecuador, Per\u00fa, Colombia<br>6pm Espa\u00f1a<\/p>\n\n\n\n<p><strong>\u00danete al grupo de WhatsApp<\/strong><br><a href=\"https:\/\/chat.whatsapp.com\/IpddLvF2QMG6TgTs4j7scE\" target=\"_blank\" rel=\"noreferrer noopener nofollow\">chat.whatsapp.com<\/a><\/p>\n\n\n\n<p><strong>S\u00ed, me gustar\u00eda participar en la Masterclass<\/strong><\/p>\n\n\n\n<div class=\"wpcf7 no-js\" id=\"wpcf7-f5-o1\" lang=\"en-US\" dir=\"ltr\">\n<div class=\"screen-reader-response\"><p role=\"status\" aria-live=\"polite\" aria-atomic=\"true\"><\/p> <ul><\/ul><\/div>\n<form action=\"\/index.php\/wp-json\/wp\/v2\/pages\/155#wpcf7-f5-o1\" method=\"post\" class=\"wpcf7-form init\" aria-label=\"Contact form\" novalidate=\"novalidate\" data-status=\"init\">\n<div style=\"display: none;\">\n<input type=\"hidden\" name=\"_wpcf7\" value=\"5\" \/>\n<input type=\"hidden\" name=\"_wpcf7_version\" value=\"5.9.5\" \/>\n<input type=\"hidden\" name=\"_wpcf7_locale\" value=\"en_US\" \/>\n<input type=\"hidden\" name=\"_wpcf7_unit_tag\" value=\"wpcf7-f5-o1\" \/>\n<input type=\"hidden\" name=\"_wpcf7_container_post\" value=\"0\" \/>\n<input type=\"hidden\" name=\"_wpcf7_posted_data_hash\" value=\"\" \/>\n<\/div>\n<p><label> <span class=\"wpcf7-form-control-wrap\" data-name=\"your-name\"><input size=\"40\" class=\"wpcf7-form-control wpcf7-text wpcf7-validates-as-required\" autocomplete=\"name\" aria-required=\"true\" aria-invalid=\"false\" placeholder=\"Tu nombre\" value=\"\" type=\"text\" name=\"your-name\" \/><\/span> <\/label><br \/>\n<label><span class=\"wpcf7-form-control-wrap\" data-name=\"your-email\"><input size=\"40\" class=\"wpcf7-form-control wpcf7-email wpcf7-validates-as-required wpcf7-text wpcf7-validates-as-email\" autocomplete=\"email\" aria-required=\"true\" aria-invalid=\"false\" placeholder=\"Tu correo\" value=\"\" type=\"email\" name=\"your-email\" \/><\/span> <\/label><br \/>\n<input class=\"wpcf7-form-control wpcf7-submit has-spinner\" type=\"submit\" value=\"Enviar\" \/>\n<\/p><div class=\"wpcf7-response-output\" aria-hidden=\"true\"><\/div>\n<\/form>\n<\/div>\n\n","protected":false},"excerpt":{"rendered":"<p>Te invitamos a la MASTERCLASS GRATUITA TRANSFORMANDO TU ENERGIA \ud83d\uddd3\ufe0f Fechas: 15 y 16 de junio 2024 D\u00eda 1\ud83d\udcabBeneficios de la Sanaci\u00f3n en trance.\ud83d\udcabSanaci\u00f3n del h\u00edgado en trance cabal\u00edstico, en el plano, f\u00edsico, mental y emocional. D\u00eda 2\ud83d\udcabC\u00f3mo funciona el circuito energ\u00e9tico de su \u00e1rbol de la vida interna.\ud83d\udcabC\u00f3mo funciona la energ\u00eda de tu cuerpo [&hellip;]<\/p>\n","protected":false},"author":1,"featured_media":0,"parent":0,"menu_order":0,"comment_status":"closed","ping_status":"closed","template":"","meta":{"footnotes":""},"class_list":["post-155","page","type-page","status-publish","hentry"],"yoast_head":"<!-- This site is optimized with the Yoast SEO plugin v22.8 - https:\/\/yoast.com\/wordpress\/plugins\/seo\/ -->\n<title>Masterclass - Centro Shin Quantum Healing<\/title>\n<meta name=\"robots\" content=\"index, follow, max-snippet:-1, max-image-preview:large, max-video-preview:-1\" \/>\n<link rel=\"canonical\" href=\"https:\/\/centroshinquantumhealing.com\/index.php\/es\/masterclass\/\" \/>\n<meta property=\"og:locale\" content=\"en_US\" \/>\n<meta property=\"og:type\" content=\"article\" \/>\n<meta property=\"og:title\" content=\"Masterclass - Centro Shin Quantum Healing\" \/>\n<meta property=\"og:description\" content=\"Te invitamos a la MASTERCLASS GRATUITA TRANSFORMANDO TU ENERGIA \ud83d\uddd3\ufe0f Fechas: 15 y 16 de junio 2024 D\u00eda 1\ud83d\udcabBeneficios de la Sanaci\u00f3n en trance.\ud83d\udcabSanaci\u00f3n del h\u00edgado en trance cabal\u00edstico, en el plano, f\u00edsico, mental y emocional. D\u00eda 2\ud83d\udcabC\u00f3mo funciona el circuito energ\u00e9tico de su \u00e1rbol de la vida interna.\ud83d\udcabC\u00f3mo funciona la energ\u00eda de tu cuerpo [&hellip;]\" \/>\n<meta property=\"og:url\" content=\"https:\/\/centroshinquantumhealing.com\/index.php\/es\/masterclass\/\" \/>\n<meta property=\"og:site_name\" content=\"Centro Shin Quantum Healing\" \/>\n<meta property=\"article:modified_time\" content=\"2024-06-08T16:44:00+00:00\" \/>\n<meta name=\"twitter:card\" content=\"summary_large_image\" \/>\n<meta name=\"twitter:label1\" content=\"Est. reading time\" \/>\n\t<meta name=\"twitter:data1\" content=\"1 minute\" \/>\n<script type=\"application\/ld+json\" class=\"yoast-schema-graph\">{\"@context\":\"https:\/\/schema.org\",\"@graph\":[{\"@type\":\"WebPage\",\"@id\":\"https:\/\/centroshinquantumhealing.com\/index.php\/es\/masterclass\/\",\"url\":\"https:\/\/centroshinquantumhealing.com\/index.php\/es\/masterclass\/\",\"name\":\"Masterclass - Centro Shin Quantum Healing\",\"isPartOf\":{\"@id\":\"https:\/\/centroshinquantumhealing.com\/#website\"},\"datePublished\":\"2024-05-12T13:40:26+00:00\",\"dateModified\":\"2024-06-08T16:44:00+00:00\",\"breadcrumb\":{\"@id\":\"https:\/\/centroshinquantumhealing.com\/index.php\/es\/masterclass\/#breadcrumb\"},\"inLanguage\":\"en-US\",\"potentialAction\":[{\"@type\":\"ReadAction\",\"target\":[\"https:\/\/centroshinquantumhealing.com\/index.php\/es\/masterclass\/\"]}]},{\"@type\":\"BreadcrumbList\",\"@id\":\"https:\/\/centroshinquantumhealing.com\/index.php\/es\/masterclass\/#breadcrumb\",\"itemListElement\":[{\"@type\":\"ListItem\",\"position\":1,\"name\":\"Home\",\"item\":\"https:\/\/centroshinquantumhealing.com\/\"},{\"@type\":\"ListItem\",\"position\":2,\"name\":\"Masterclass\"}]},{\"@type\":\"WebSite\",\"@id\":\"https:\/\/centroshinquantumhealing.com\/#website\",\"url\":\"https:\/\/centroshinquantumhealing.com\/\",\"name\":\"Centro Shin Quantum Healing\",\"description\":\"\",\"publisher\":{\"@id\":\"https:\/\/centroshinquantumhealing.com\/#organization\"},\"inLanguage\":\"en-US\"},{\"@type\":\"Organization\",\"@id\":\"https:\/\/centroshinquantumhealing.com\/#organization\",\"name\":\"Centro Shin Quantum Healing\",\"url\":\"https:\/\/centroshinquantumhealing.com\/\",\"logo\":{\"@type\":\"ImageObject\",\"inLanguage\":\"en-US\",\"@id\":\"https:\/\/centroshinquantumhealing.com\/#\/schema\/logo\/image\/\",\"url\":\"https:\/\/centroshinquantumhealing.com\/wp-content\/uploads\/2024\/02\/screenshot.jpg\",\"contentUrl\":\"https:\/\/centroshinquantumhealing.com\/wp-content\/uploads\/2024\/02\/screenshot.jpg\",\"width\":880,\"height\":660,\"caption\":\"Centro Shin Quantum Healing\"},\"image\":{\"@id\":\"https:\/\/centroshinquantumhealing.com\/#\/schema\/logo\/image\/\"}}]}<\/script>\n<!-- \/ Yoast SEO plugin. -->","yoast_head_json":{"title":"Masterclass - Centro Shin Quantum Healing","robots":{"index":"index","follow":"follow","max-snippet":"max-snippet:-1","max-image-preview":"max-image-preview:large","max-video-preview":"max-video-preview:-1"},"canonical":"https:\/\/centroshinquantumhealing.com\/index.php\/es\/masterclass\/","og_locale":"en_US","og_type":"article","og_title":"Masterclass - Centro Shin Quantum Healing","og_description":"Te invitamos a la MASTERCLASS GRATUITA TRANSFORMANDO TU ENERGIA \ud83d\uddd3\ufe0f Fechas: 15 y 16 de junio 2024 D\u00eda 1\ud83d\udcabBeneficios de la Sanaci\u00f3n en trance.\ud83d\udcabSanaci\u00f3n del h\u00edgado en trance cabal\u00edstico, en el plano, f\u00edsico, mental y emocional. D\u00eda 2\ud83d\udcabC\u00f3mo funciona el circuito energ\u00e9tico de su \u00e1rbol de la vida interna.\ud83d\udcabC\u00f3mo funciona la energ\u00eda de tu cuerpo [&hellip;]","og_url":"https:\/\/centroshinquantumhealing.com\/index.php\/es\/masterclass\/","og_site_name":"Centro Shin Quantum Healing","article_modified_time":"2024-06-08T16:44:00+00:00","twitter_card":"summary_large_image","twitter_misc":{"Est. reading time":"1 minute"},"schema":{"@context":"https:\/\/schema.org","@graph":[{"@type":"WebPage","@id":"https:\/\/centroshinquantumhealing.com\/index.php\/es\/masterclass\/","url":"https:\/\/centroshinquantumhealing.com\/index.php\/es\/masterclass\/","name":"Masterclass - Centro Shin Quantum Healing","isPartOf":{"@id":"https:\/\/centroshinquantumhealing.com\/#website"},"datePublished":"2024-05-12T13:40:26+00:00","dateModified":"2024-06-08T16:44:00+00:00","breadcrumb":{"@id":"https:\/\/centroshinquantumhealing.com\/index.php\/es\/masterclass\/#breadcrumb"},"inLanguage":"en-US","potentialAction":[{"@type":"ReadAction","target":["https:\/\/centroshinquantumhealing.com\/index.php\/es\/masterclass\/"]}]},{"@type":"BreadcrumbList","@id":"https:\/\/centroshinquantumhealing.com\/index.php\/es\/masterclass\/#breadcrumb","itemListElement":[{"@type":"ListItem","position":1,"name":"Home","item":"https:\/\/centroshinquantumhealing.com\/"},{"@type":"ListItem","position":2,"name":"Masterclass"}]},{"@type":"WebSite","@id":"https:\/\/centroshinquantumhealing.com\/#website","url":"https:\/\/centroshinquantumhealing.com\/","name":"Centro Shin Quantum Healing","description":"","publisher":{"@id":"https:\/\/centroshinquantumhealing.com\/#organization"},"inLanguage":"en-US"},{"@type":"Organization","@id":"https:\/\/centroshinquantumhealing.com\/#organization","name":"Centro Shin Quantum Healing","url":"https:\/\/centroshinquantumhealing.com\/","logo":{"@type":"ImageObject","inLanguage":"en-US","@id":"https:\/\/centroshinquantumhealing.com\/#\/schema\/logo\/image\/","url":"https:\/\/centroshinquantumhealing.com\/wp-content\/uploads\/2024\/02\/screenshot.jpg","contentUrl":"https:\/\/centroshinquantumhealing.com\/wp-content\/uploads\/2024\/02\/screenshot.jpg","width":880,"height":660,"caption":"Centro Shin Quantum Healing"},"image":{"@id":"https:\/\/centroshinquantumhealing.com\/#\/schema\/logo\/image\/"}}]}},"_links":{"self":[{"href":"https:\/\/centroshinquantumhealing.com\/index.php\/wp-json\/wp\/v2\/pages\/155","targetHints":{"allow":["GET"]}}],"collection":[{"href":"https:\/\/centroshinquantumhealing.com\/index.php\/wp-json\/wp\/v2\/pages"}],"about":[{"href":"https:\/\/centroshinquantumhealing.com\/index.php\/wp-json\/wp\/v2\/types\/page"}],"author":[{"embeddable":true,"href":"https:\/\/centroshinquantumhealing.com\/index.php\/wp-json\/wp\/v2\/users\/1"}],"replies":[{"embeddable":true,"href":"https:\/\/centroshinquantumhealing.com\/index.php\/wp-json\/wp\/v2\/comments?post=155"}],"version-history":[{"count":16,"href":"https:\/\/centroshinquantumhealing.com\/index.php\/wp-json\/wp\/v2\/pages\/155\/revisions"}],"predecessor-version":[{"id":180,"href":"https:\/\/centroshinquantumhealing.com\/index.php\/wp-json\/wp\/v2\/pages\/155\/revisions\/180"}],"wp:attachment":[{"href":"https:\/\/centroshinquantumhealing.com\/index.php\/wp-json\/wp\/v2\/media?parent=155"}],"curies":[{"name":"wp","href":"https:\/\/api.w.org\/{rel}","templated":true}]}}